{"id":1160,"date":"2024-09-25T17:13:22","date_gmt":"2024-09-25T14:13:22","guid":{"rendered":"https:\/\/w.whircle.com\/?page_id=1160"},"modified":"2024-11-14T16:47:44","modified_gmt":"2024-11-14T13:47:44","slug":"refund_returns","status":"publish","type":"page","link":"https:\/\/w.whircle.com\/en\/yasal\/refund_returns\/","title":{"rendered":"Refund and Return Policy"},"content":{"rendered":"<p><strong>Whircle Return Policy<\/strong><\/p>\n<p>\u00a0<\/p>\n<p>As Whircle, we prioritize customer satisfaction and are sensitive about the return of our products. Our return policy, which we have prepared in accordance with the Consumer Protection Law No. 6502 and the Personal Data Protection Law (KVKK), is stated below. This policy determines the steps and conditions you need to follow when you want to request a return for the products you purchased.<\/p>\n<p>\u00a0<\/p>\n<ol>\n<li><strong>Return Conditions<\/strong><\/li>\n<\/ol>\n<p>\u2013 Return Period: Products can be returned within 14 days from the date of receipt.<\/p>\n<p>\u2013 Return Conditions: The product to be returned must be in its original packaging, unopened, unused and complete with all accessories. Products that have been opened, used or whose original packaging has been damaged cannot be returned due to hygiene rules.<\/p>\n<p>\u2013 Shipping Fees: In return transactions, the shipping fee is deducted from the amount to be refunded and the refund is made. The shipping fee is the responsibility of the buyer and this amount is deducted from the account during the return process.<\/p>\n<p>\u00a0<\/p>\n<ol start=\"2\">\n<li><strong>Return Process<\/strong><\/li>\n<\/ol>\n<p>\u2013 You must submit your return request to our customer service along with your order number and reason for return.<\/p>\n<p>\u2013 After your request is reviewed, information about the return process will be sent to you and the return shipping address will be shared.<\/p>\n<p>\u2013 After the product reaches us, its compliance with the return conditions is checked and processed.<\/p>\n<p>\u00a0<\/p>\n<ol start=\"3\">\n<li><strong>Refund<\/strong><\/li>\n<\/ol>\n<p>\u2013 Once the return is approved, your payment will be refunded within 10 business days according to the payment method used at the time of order.<\/p>\n<p>\u2013 For payments made by credit card, the time it takes for the refund to be reflected on your card may vary depending on your bank&#039;s transaction processes.<\/p>\n<p>\u2013 The shipping fee will be deducted from the return amount and the remaining amount will be refunded.<\/p>\n<p>\u00a0<\/p>\n<ol start=\"4\">\n<li><strong>Protection and Processing of Personal Data<\/strong><\/li>\n<\/ol>\n<p>\u2013 The personal information you provide during the return process is processed and protected in accordance with the provisions of the KVKK.<\/p>\n<p>\u2013 Personal data provided during the return process is used only to carry out the transactions and is stored or anonymized in accordance with the relevant legislation.<\/p>\n<p>\u00a0<\/p>\n<ol start=\"5\">\n<li><strong>Special Circumstances<\/strong><\/li>\n<\/ol>\n<p>\u2013 Hygiene and Health Products: Opened or used hygiene products (e.g. personal care, health and cosmetic products) cannot be returned.<\/p>\n<p>\u2013 Incomplete or Damaged Returns: Refunds will not be made for products that do not meet the return conditions and the products will be sent back.<\/p>\n<p>\u00a0<\/p>\n<p>For all your questions about the return process or conditions, you can contact our customer service. We aim to ensure your satisfaction by evaluating your return requests quickly and safely.<\/p>\n<p><strong>Company Information<\/strong><\/p>\n<p><strong>Title:<\/strong>\u00a0 VENTURE INFORMATION EDUCATION AND ADVERTISING TECHNOLOGIES INC.<\/p>\n<p><strong>Address:<\/strong>\u00a0 Buyukdere Street No: 199\/6 Sisli\/Istanbul<br \/><strong>Wire: \u00a0\u00a0\u00a0\u00a0\u00a0<\/strong>+08503027450<strong><br \/>E-mail: <\/strong>social@whircle.com<\/p>\n<p>\u00a0<\/p>","protected":false},"excerpt":{"rendered":"<p>Whircle \u0130ade Politikas\u0131 \u00a0 Whircle olarak, m\u00fc\u015fteri memnuniyetini \u00f6n planda tutarak, \u00fcr\u00fcnlerimizin iadesi konusunda hassasiyet g\u00f6stermekteyiz. 6502 say\u0131l\u0131 T\u00fcketicinin Korunmas\u0131 Hakk\u0131nda Kanun ve Ki\u015fisel Verilerin Korunmas\u0131 Kanunu (KVKK) uyar\u0131nca haz\u0131rlad\u0131\u011f\u0131m\u0131z iade politikam\u0131z a\u015fa\u011f\u0131da belirtilmi\u015ftir. Bu politika, sat\u0131n ald\u0131\u011f\u0131n\u0131z \u00fcr\u00fcnler i\u00e7in iade talebinde bulunmak istedi\u011finizde izlemeniz gereken ad\u0131mlar\u0131 ve ko\u015fullar\u0131 belirlemektedir. \u00a0 \u0130ade Ko\u015fullar\u0131 &#8211; \u0130ade [&#8230;]","protected":false},"author":9,"featured_media":0,"parent":1861,"menu_order":0,"comment_status":"closed","ping_status":"closed","template":"","meta":{"_acf_changed":false,"footnotes":""},"class_list":["post-1160","page","type-page","status-publish","hentry"],"acf":[],"_links":{"self":[{"href":"https:\/\/w.whircle.com\/en\/wp-json\/wp\/v2\/pages\/1160","targetHints":{"allow":["GET"]}}],"collection":[{"href":"https:\/\/w.whircle.com\/en\/wp-json\/wp\/v2\/pages"}],"about":[{"href":"https:\/\/w.whircle.com\/en\/wp-json\/wp\/v2\/types\/page"}],"author":[{"embeddable":true,"href":"https:\/\/w.whircle.com\/en\/wp-json\/wp\/v2\/users\/9"}],"replies":[{"embeddable":true,"href":"https:\/\/w.whircle.com\/en\/wp-json\/wp\/v2\/comments?post=1160"}],"version-history":[{"count":0,"href":"https:\/\/w.whircle.com\/en\/wp-json\/wp\/v2\/pages\/1160\/revisions"}],"up":[{"embeddable":true,"href":"https:\/\/w.whircle.com\/en\/wp-json\/wp\/v2\/pages\/1861"}],"wp:attachment":[{"href":"https:\/\/w.whircle.com\/en\/wp-json\/wp\/v2\/media?parent=1160"}],"curies":[{"name":"wp","href":"https:\/\/api.w.org\/{rel}","templated":true}]}}