{"id":1582,"date":"2024-09-25T11:32:57","date_gmt":"2024-09-25T08:32:57","guid":{"rendered":"https:\/\/w.whircle.com\/?post_type=product&#038;p=1582"},"modified":"2024-09-27T13:23:48","modified_gmt":"2024-09-27T10:23:48","slug":"whircle-e-hediye-karti","status":"publish","type":"product","link":"https:\/\/w.whircle.com\/en\/product\/whircle-e-hediye-karti\/","title":{"rendered":"Whircle E-Gift Card"},"content":{"rendered":"<p>Sevdiklerinize kaliteli a\u011f\u0131z bak\u0131m \u00fcr\u00fcnleri hediye edin ve sa\u011fl\u0131kl\u0131 g\u00fcl\u00fcmsemeler yarat\u0131n.<\/p>","protected":false},"excerpt":{"rendered":"<p>Sevdiklerinize kaliteli a\u011f\u0131z bak\u0131m \u00fcr\u00fcnleri hediye edin ve sa\u011fl\u0131kl\u0131 g\u00fcl\u00fcmsemeler yarat\u0131n.<\/p>","protected":false},"featured_media":1781,"comment_status":"open","ping_status":"closed","template":"","meta":{"_acf_changed":false},"product_brand":[],"product_cat":[79,86,125,126,89,88],"product_tag":[],"class_list":{"0":"post-1582","1":"product","2":"type-product","3":"status-publish","4":"has-post-thumbnail","6":"product_cat-tum-urunler","7":"product_cat-dis-macunlari","8":"product_cat-gunduz-beyazlatici-ve-ferahlatici","9":"product_cat-gece-boyu-onarici","10":"product_cat-dis-ipleri","11":"product_cat-dil-temizligi","12":"product_shipping_class-standart-paket","14":"first","15":"instock","16":"taxable","17":"shipping-taxable","18":"purchasable","19":"product-type-simple"},"acf":[],"_links":{"self":[{"href":"https:\/\/w.whircle.com\/en\/wp-json\/wp\/v2\/product\/1582","targetHints":{"allow":["GET"]}}],"collection":[{"href":"https:\/\/w.whircle.com\/en\/wp-json\/wp\/v2\/product"}],"about":[{"href":"https:\/\/w.whircle.com\/en\/wp-json\/wp\/v2\/types\/product"}],"replies":[{"embeddable":true,"href":"https:\/\/w.whircle.com\/en\/wp-json\/wp\/v2\/comments?post=1582"}],"wp:featuredmedia":[{"embeddable":true,"href":"https:\/\/w.whircle.com\/en\/wp-json\/wp\/v2\/media\/1781"}],"wp:attachment":[{"href":"https:\/\/w.whircle.com\/en\/wp-json\/wp\/v2\/media?parent=1582"}],"wp:term":[{"taxonomy":"product_brand","embeddable":true,"href":"https:\/\/w.whircle.com\/en\/wp-json\/wp\/v2\/product_brand?post=1582"},{"taxonomy":"product_cat","embeddable":true,"href":"https:\/\/w.whircle.com\/en\/wp-json\/wp\/v2\/product_cat?post=1582"},{"taxonomy":"product_tag","embeddable":true,"href":"https:\/\/w.whircle.com\/en\/wp-json\/wp\/v2\/product_tag?post=1582"}],"curies":[{"name":"wp","href":"https:\/\/api.w.org\/{rel}","templated":true}]}}